{"id":750,"date":"2026-02-24T12:43:14","date_gmt":"2026-02-24T15:43:14","guid":{"rendered":"https:\/\/cibiesp.com.br\/?page_id=750"},"modified":"2026-02-24T13:51:00","modified_gmt":"2026-02-24T16:51:00","slug":"sorocaba-e-regiao","status":"publish","type":"page","link":"https:\/\/cibiesp.com.br\/?page_id=750","title":{"rendered":"Sorocaba e Regi\u00e3o"},"content":{"rendered":"\n<!-- ================== LISTA DE IGREJAS ================== -->\n\n<style>\n:root{\n  --cor1:#2c3e50;\n  --cor2:#1f6feb;\n  --cor3:#f1f5f9;\n  --cor4:#e2e8f0;\n}\n\nbody{\n  font-family:\"Segoe UI\", Arial, sans-serif;\n  background:#f3f6fa;\n}\n\n.container{\n  max-width:1000px;\n  margin:auto;\n  padding:15px;\n}\n\n.igreja{\n  background:white;\n  border-radius:12px;\n  padding:14px;\n  margin:12px 0;\n  box-shadow:0 2px 8px rgba(0,0,0,.08);\n  transition:.2s;\n}\n\n.igreja:hover{\n  transform:translateY(-2px);\n  box-shadow:0 6px 18px rgba(0,0,0,.15);\n}\n\n.titulo{\n  font-size:18px;\n  font-weight:700;\n  color:var(--cor1);\n  border-bottom:1px solid var(--cor4);\n  padding-bottom:6px;\n  margin-bottom:8px;\n}\n\n.pastor{\n  font-weight:600;\n  color:#333;\n  margin-bottom:8px;\n}\n\n.info{\n  display:flex;\n  flex-wrap:wrap;\n  gap:8px;\n}\n\n.btn{\n  display:inline-block;\n  padding:6px 10px;\n  border-radius:8px;\n  font-size:13px;\n  text-decoration:none;\n  background:var(--cor3);\n  color:#222;\n  border:1px solid var(--cor4);\n}\n\n.btn:hover{\n  background:var(--cor2);\n  color:white;\n}\n\n.btn.whats{ background:#25D366; color:white; border:none;}\n.btn.tel{ background:#0ea5e9; color:white; border:none;}\n.btn.email{ background:#6366f1; color:white; border:none;}\n.btn.mapa{ background:#ef4444; color:white; border:none;}\n\n.endereco{\n  margin-top:8px;\n  font-size:13px;\n  color:#444;\n}\n<\/style>\n\n<div class=\"container\">\n\n<!-- 1 -->\n\n<div class=\"igreja\">\n<div class=\"titulo\">IBI PQ S\u00c3O BENTO<\/div>\n<div class=\"pastor\">Pb. Jos\u00e9 Maria de Melo Filho<\/div>\n<div class=\"info\">\n<a class=\"btn tel\" href=\"tel:5515997289381\">? Ligar<\/a>\n<a class=\"btn whats\" href=\"https:\/\/wa.me\/5515997289381\" target=\"_blank\">WhatsApp<\/a>\n<a class=\"btn email\" href=\"mailto:Zej0842@gmail.com\">E-mail<\/a>\n<a class=\"btn mapa\" target=\"_blank\" href=\"https:\/\/maps.google.com\/?q=Rua Hidetoshe Yashimoto, 216 - Sorocaba SP\">Mapa<\/a>\n<\/div>\n<div class=\"endereco\">Rua Hidetoshe Yashimoto, 216 &#8211; Parque S\u00e3o Bento &#8211; Sorocaba\/SP<\/div>\n<\/div>\n\n<!-- 2 -->\n\n<div class=\"igreja\">\n<div class=\"titulo\">IBI \u00c9DEN<\/div>\n<div class=\"pastor\">Pr. Jos\u00e9 Carlos Rosendo<\/div>\n<div class=\"info\">\n<a class=\"btn tel\" href=\"tel:5515988075057\">? Ligar<\/a>\n<a class=\"btn whats\" href=\"https:\/\/wa.me\/5515988075057\" target=\"_blank\">WhatsApp<\/a>\n<a class=\"btn email\" href=\"mailto:pr.rosendo@terra.com.br\">E-mail<\/a>\n<a class=\"btn mapa\" target=\"_blank\" href=\"https:\/\/maps.google.com\/?q=Rua Luis Gon\u00e7alves de Camargo, 227 - Sorocaba SP\">Mapa<\/a>\n<\/div>\n<div class=\"endereco\">Rua Lu\u00eds Gon\u00e7alves de Camargo, 227 &#8211; \u00c9den &#8211; Sorocaba\/SP<\/div>\n<\/div>\n\n<!-- 3 -->\n\n<div class=\"igreja\">\n<div class=\"titulo\">IBI SOROCABA I<\/div>\n<div class=\"pastor\">Pr. Marcos Luz<\/div>\n<div class=\"info\">\n<a class=\"btn tel\" href=\"tel:5515991528177\">? Ligar<\/a>\n<a class=\"btn whats\" href=\"https:\/\/wa.me\/5515991528177\" target=\"_blank\">WhatsApp<\/a>\n<a class=\"btn email\" href=\"mailto:prmarcosluz@gmail.com\">E-mail<\/a>\n<a class=\"btn mapa\" target=\"_blank\" href=\"https:\/\/maps.google.com\/?q=Av Am\u00e9rico Figueiredo, 850 - Sorocaba SP\">Mapa<\/a>\n<\/div>\n<div class=\"endereco\">Av. Am\u00e9rico Figueiredo, 850 &#8211; J\u00falio de Mesquita Filho &#8211; Sorocaba\/SP<\/div>\n<\/div>\n\n<!-- 4 -->\n\n<div class=\"igreja\">\n<div class=\"titulo\">IGREJA BATISTA SOROCABA<\/div>\n<div class=\"pastor\">Pr. Eduardo Bortolossi<\/div>\n<div class=\"info\">\n<a class=\"btn tel\" href=\"tel:5515996254044\">? Ligar<\/a>\n<a class=\"btn whats\" href=\"https:\/\/wa.me\/5515996254044\" target=\"_blank\">WhatsApp<\/a>\n<a class=\"btn email\" href=\"mailto:pr.edu@ibisorocaba.com.br\">E-mail<\/a>\n<a class=\"btn mapa\" target=\"_blank\" href=\"https:\/\/maps.google.com\/?q=Av Hollingsworth, 565 - Sorocaba SP\">Mapa<\/a>\n<\/div>\n<div class=\"endereco\">Av. Hollingsworth, 565 &#8211; Iporanga &#8211; Sorocaba\/SP<\/div>\n<\/div>\n\n<!-- 5 -->\n\n<div class=\"igreja\">\n<div class=\"titulo\">IBI BETEL (JD. S\u00c3O PAULO)<\/div>\n<div class=\"pastor\">Pr. Alexon Vasconcelos Costa<\/div>\n<div class=\"info\">\n<a class=\"btn tel\" href=\"tel:5515991270053\">? Ligar<\/a>\n<a class=\"btn whats\" href=\"https:\/\/wa.me\/5515991270053\" target=\"_blank\">WhatsApp<\/a>\n<a class=\"btn email\" href=\"mailto:alexon_costa@yahoo.com.ar\">E-mail<\/a>\n<a class=\"btn mapa\" target=\"_blank\" href=\"https:\/\/maps.google.com\/?q=Av Dr Luiz Mendes Almeida, 1707 - Sorocaba SP\">Mapa<\/a>\n<\/div>\n<div class=\"endereco\">Av. Dr. Luiz Mendes Almeida, 1707 &#8211; Sorocaba\/SP<\/div>\n<\/div>\n\n<!-- 6 \n\n<div class=\"igreja\">\n<div class=\"titulo\">IBI DE JUNDIA\u00cd MIRIM<\/div>\n<div class=\"pastor\">Pr. Eduardo Rafael<\/div>\n<div class=\"info\">\n<a class=\"btn tel\" href=\"tel:5511965826895\">? Ligar<\/a>\n<a class=\"btn whats\" href=\"https:\/\/wa.me\/5511965826895\" target=\"_blank\">WhatsApp<\/a>\n<a class=\"btn email\" href=\"mailto:eduardorafael1979@hotmail.com\">E-mail<\/a>\n<a class=\"btn mapa\" target=\"_blank\" href=\"https:\/\/maps.google.com\/?q=Rua Jo\u00e3o Batista Maudonnet, 167 - Jundia\u00ed SP\">Mapa<\/a>\n<\/div>\n<div class=\"endereco\">Rua Jo\u00e3o Batista Maudonnet, 167 - Jundia\u00ed Mirim - Jundia\u00ed\/SP<\/div>\n<\/div>\n\n---->\n\n<!-- 7 -->\n\n<div class=\"igreja\">\n<div class=\"titulo\">IBIF PAES LINHARES<\/div>\n<div class=\"pastor\">Pr. Marcos Alves<\/div>\n<div class=\"info\">\n<a class=\"btn tel\" href=\"tel:5515991750180\">? Ligar<\/a>\n<a class=\"btn whats\" href=\"https:\/\/wa.me\/5515991750180\" target=\"_blank\">WhatsApp<\/a>\n<a class=\"btn email\" href=\"mailto:prmarcos@gmail.com\">E-mail<\/a>\n<a class=\"btn mapa\" target=\"_blank\" href=\"https:\/\/maps.google.com\/?q=Rua Lauro Rolim, 340 - Sorocaba SP\">Mapa<\/a>\n<\/div>\n<div class=\"endereco\">Rua Lauro Rolim, 340 &#8211; Jardim Brasil\u00e2ndia &#8211; Sorocaba\/SP<\/div>\n<\/div>\n\n<!-- 8 -->\n\n<div class=\"igreja\">\n<div class=\"titulo\">IBIF JD. SANTO ANDR\u00c9 2<\/div>\n<div class=\"pastor\">Pr. Robson de Almeida<\/div>\n<div class=\"info\">\n<a class=\"btn email\" href=\"mailto:robi.pa@hotmail.com\">E-mail<\/a>\n<a class=\"btn mapa\" target=\"_blank\" href=\"https:\/\/maps.google.com\/?q=Av Dr Ulysses Guimar\u00e3es, 2038 - Sorocaba SP\">Mapa<\/a>\n<\/div>\n<div class=\"endereco\">Av. Dr. Ulysses Guimar\u00e3es, 2038 &#8211; Parque das Laranjeiras &#8211; Sorocaba\/SP<\/div>\n<\/div>\n\n<!-- 9\n\n<div class=\"igreja\">\n<div class=\"titulo\">IBF DE SALTO<\/div>\n<div class=\"pastor\">Pr. Norcides Santana Freire Filho<\/div>\n<div class=\"info\">\n<a class=\"btn tel\" href=\"tel:5519981523458\">? Ligar<\/a>\n<a class=\"btn whats\" href=\"https:\/\/wa.me\/5519981523458\" target=\"_blank\">WhatsApp<\/a>\n<a class=\"btn email\" href=\"mailto:norcidesfilho@gmail.com\">E-mail<\/a>\n<a class=\"btn mapa\" target=\"_blank\" href=\"https:\/\/maps.google.com\/?q=Rua Mediterraneo, 120 - Salto SP\">Mapa<\/a>\n<\/div>\n<div class=\"endereco\">Rua Mediterr\u00e2neo, 120 - Jardim Saltense - Salto\/SP<\/div>\n<\/div>\n\n----->\n\n<!-- 10 -->\n\n<div class=\"igreja\">\n<div class=\"titulo\">IBF MANIFESTANDO A GRA\u00c7A (PQ VIT\u00d3RIA R\u00c9GIA)<\/div>\n<div class=\"pastor\">Pr. Jos\u00e9 Paulo Cressio<\/div>\n<div class=\"info\">\n<a class=\"btn tel\" href=\"tel:5515997186615\">? Ligar<\/a>\n<a class=\"btn whats\" href=\"https:\/\/wa.me\/5515997186615\" target=\"_blank\">WhatsApp<\/a>\n<a class=\"btn email\" href=\"mailto:josep.cressio@gmail.com\">E-mail<\/a>\n<a class=\"btn mapa\" target=\"_blank\" href=\"https:\/\/maps.google.com\/?q=Rua Antonio Silva Saladino, 1822 - Sorocaba SP\">Mapa<\/a>\n<\/div>\n<div class=\"endereco\">Rua Ant\u00f4nio Silva Saladino, 1822 &#8211; Parque Vit\u00f3ria R\u00e9gia &#8211; Sorocaba\/SP<\/div>\n<\/div>\n\n<!-- 11 -->\n\n<div class=\"igreja\">\n<div class=\"titulo\">IBF JD NOVO HORIZONTE<\/div>\n<div class=\"pastor\">Pb. Sergio Dario Ribeiro<\/div>\n<div class=\"info\">\n<a class=\"btn tel\" href=\"tel:5511990108155\">? Ligar<\/a>\n<a class=\"btn whats\" href=\"https:\/\/wa.me\/5511990108155\" target=\"_blank\">WhatsApp<\/a>\n<a class=\"btn email\" href=\"mailto:suloribeiro@yahoo.com.br\">E-mail<\/a>\n<a class=\"btn mapa\" target=\"_blank\" href=\"https:\/\/maps.google.com\/?q=Rua Paschoal Augusto Verlangieri, 197 - Sorocaba SP\">Mapa<\/a>\n<\/div>\n<div class=\"endereco\">Rua Paschoal Augusto Verlangieri, 197 &#8211; Jardim Novo Horizonte &#8211; Sorocaba\/SP<\/div>\n<\/div>\n\n<\/div>\n<!-- ================== FIM ================== -->\n\n","protected":false},"excerpt":{"rendered":"<p>IBI PQ S\u00c3O BENTO Pb. Jos\u00e9 Maria de Melo Filho ? Ligar WhatsApp E-mail Mapa Rua Hidetoshe Yashimoto, 216 &#8211; Parque S\u00e3o Bento &#8211; Sorocaba\/SP IBI \u00c9DEN Pr. Jos\u00e9 Carlos Rosendo ? Ligar WhatsApp E-mail Mapa Rua Lu\u00eds Gon\u00e7alves de Camargo, 227 &#8211; \u00c9den &#8211; Sorocaba\/SP IBI SOROCABA I Pr. Marcos Luz ? Ligar WhatsApp [&hellip;]<\/p>\n","protected":false},"author":1,"featured_media":0,"parent":0,"menu_order":0,"comment_status":"closed","ping_status":"closed","template":"","meta":{"_monsterinsights_skip_tracking":false,"_monsterinsights_sitenote_active":false,"_monsterinsights_sitenote_note":"","_monsterinsights_sitenote_category":0,"_joinchat":[],"footnotes":""},"class_list":["post-750","page","type-page","status-publish","hentry"],"_links":{"self":[{"href":"https:\/\/cibiesp.com.br\/index.php?rest_route=\/wp\/v2\/pages\/750","targetHints":{"allow":["GET"]}}],"collection":[{"href":"https:\/\/cibiesp.com.br\/index.php?rest_route=\/wp\/v2\/pages"}],"about":[{"href":"https:\/\/cibiesp.com.br\/index.php?rest_route=\/wp\/v2\/types\/page"}],"author":[{"embeddable":true,"href":"https:\/\/cibiesp.com.br\/index.php?rest_route=\/wp\/v2\/users\/1"}],"replies":[{"embeddable":true,"href":"https:\/\/cibiesp.com.br\/index.php?rest_route=%2Fwp%2Fv2%2Fcomments&post=750"}],"version-history":[{"count":2,"href":"https:\/\/cibiesp.com.br\/index.php?rest_route=\/wp\/v2\/pages\/750\/revisions"}],"predecessor-version":[{"id":756,"href":"https:\/\/cibiesp.com.br\/index.php?rest_route=\/wp\/v2\/pages\/750\/revisions\/756"}],"wp:attachment":[{"href":"https:\/\/cibiesp.com.br\/index.php?rest_route=%2Fwp%2Fv2%2Fmedia&parent=750"}],"curies":[{"name":"wp","href":"https:\/\/api.w.org\/{rel}","templated":true}]}}